{"id":12544,"date":"2023-09-06T17:57:48","date_gmt":"2023-09-06T17:57:48","guid":{"rendered":"http:\/\/box5846.temp.domains\/~hubawbco\/public_html\/amcweb\/?page_id=12544"},"modified":"2024-04-29T17:47:30","modified_gmt":"2024-04-29T17:47:30","slug":"network","status":"publish","type":"page","link":"https:\/\/www.amcdom.com\/es\/network\/","title":{"rendered":"RED"},"content":{"rendered":"<div data-elementor-type=\"wp-page\" data-elementor-id=\"12544\" class=\"elementor elementor-12544\">\n\t\t\t\t\t\t<section class=\"elementor-section elementor-top-section elementor-element elementor-element-2cd12325 elementor-section-full_width elementor-section-stretched elementor-section-height-min-height elementor-section-items-top elementor-section-height-default\" data-id=\"2cd12325\" data-element_type=\"section\" data-settings=\"{&quot;stretch_section&quot;:&quot;section-stretched&quot;}\">\n\t\t\t\t\t\t<div class=\"elementor-container elementor-column-gap-default\">\n\t\t\t\t\t<div class=\"elementor-column elementor-col-100 elementor-top-column elementor-element elementor-element-51923a18\" data-id=\"51923a18\" data-element_type=\"column\">\n\t\t\t<div class=\"elementor-widget-wrap elementor-element-populated\">\n\t\t\t\t\t\t<div class=\"elementor-element elementor-element-3dae7deb elementor-widget__width-initial elementor-invisible elementor-widget elementor-widget-prime-slider-general\" data-id=\"3dae7deb\" data-element_type=\"widget\" data-settings=\"{&quot;_animation&quot;:&quot;fadeIn&quot;}\" data-widget_type=\"prime-slider-general.default\">\n\t\t\t\t<div class=\"elementor-widget-container\">\n\t\t\t\t\t\t\t<div class=\"bdt-prime-slider\">\n\t\t\t<div class=\"bdt-prime-slider-skin-general\">\n\t\t\t\t<div class=\"bdt-position-relative bdt-visible-toggle\" bdt-slideshow=\"{&quot;animation&quot;:&quot;fade&quot;,&quot;ratio&quot;:&quot;16:5&quot;,&quot;min-height&quot;:480,&quot;autoplay&quot;:true,&quot;autoplay-interval&quot;:7000,&quot;pause-on-hover&quot;:false,&quot;draggable&quot;:true,&quot;velocity&quot;:1,&quot;finite&quot;:false}\" data-settings=\"{&quot;id&quot;:&quot;#bdt-3dae7deb&quot;,&quot;animation_status&quot;:&quot;no&quot;}\" id=\"bdt-3dae7deb\">\n\t\t\t\t\t<ul class=\"bdt-slideshow-items\">\n\t\t\t\t\t\t\n\t\t\t<li\n\t\t\t\tclass=\"bdt-slideshow-item bdt-flex bdt-flex-middle bdt-flex-center elementor-repeater-item-2e35a47\">\n\t\t\t\t\t\t\t\t\t<div\n\t\t\t\t\t\tclass=\"bdt-position-cover bdt-animation-kenburns bdt-animation-reverse bdt-transform-origin-center-left\">\n\t\t\t\t\t\n\t\t\t\t\t\t\t\t\t\t\t\n\t\t<div class=\"bdt-ps-slide-img lazyload\" style=\"background-image:inherit\" data-bg-image=\"url(&#039;https:\/\/www.amcdom.com\/wp-content\/uploads\/2023\/09\/1_sea_air_freight_slider-1-1030x438-1.jpg&#039;)\"><\/div>\n\n\t\t\t\t\t\t\t\n\t\t\t\t\t\t\t\t\t\t<\/div>\n\t\t\t\t\n\t\t\t\t\n\t\t\t\t\t\t<div class=\"bdt-prime-slider-wrapper\">\n\t\t\t<div class=\"bdt-prime-slider-content\">\n\t\t\t\t<div class=\"bdt-prime-slider-desc\">\n\n\t\t\t\t\t\n\t\t\t\t\t\n\t\t\t\t\t\n\t\t\t\t\t<div data-bdt-slideshow-parallax=\"x: 150,0,-30; opacity: 1,1,0\">\n\t\t\t\t\t\t<div class=\"bdt-btn-wrapper\">\n\t\t\t\t\t\t\t\t\t\t\t\t\t<\/div>\n\t\t\t\t\t<\/div>\n\t\t\t\t<\/div>\n\n\t\t\t\t\n\t\t\t<\/div>\n\t\t<\/div>\n\t\t\t\t\t<\/li>\n\n\t\t\n\t\t\t<li\n\t\t\t\tclass=\"bdt-slideshow-item bdt-flex bdt-flex-middle bdt-flex-center elementor-repeater-item-36bf7a5\">\n\t\t\t\t\t\t\t\t\t<div\n\t\t\t\t\t\tclass=\"bdt-position-cover bdt-animation-kenburns bdt-animation-reverse bdt-transform-origin-center-left\">\n\t\t\t\t\t\n\t\t\t\t\t\t\t\t\t\t\t\n\t\t<div class=\"bdt-ps-slide-img lazyload\" style=\"background-image:inherit\" data-bg-image=\"url(&#039;https:\/\/www.amcdom.com\/wp-content\/uploads\/2023\/09\/2018-09-07_COM.45.18_SG-AIR-CARGO_736x300.png&#039;)\"><\/div>\n\n\t\t\t\t\t\t\t\n\t\t\t\t\t\t\t\t\t\t<\/div>\n\t\t\t\t\n\t\t\t\t\n\t\t\t\t\t\t<div class=\"bdt-prime-slider-wrapper\">\n\t\t\t<div class=\"bdt-prime-slider-content bdt-prime-slider-content\">\n\t\t\t\t<div class=\"bdt-prime-slider-desc\">\n\n\t\t\t\t\t\n\t\t\t\t\t\n\t\t\t\t\t\n\t\t\t\t\t<div data-bdt-slideshow-parallax=\"x: 150,0,-30; opacity: 1,1,0\">\n\t\t\t\t\t\t<div class=\"bdt-btn-wrapper\">\n\t\t\t\t\t\t\t\t\t\t\t\t\t<\/div>\n\t\t\t\t\t<\/div>\n\t\t\t\t<\/div>\n\n\t\t\t\t\n\t\t\t<\/div>\n\t\t<\/div>\n\t\t\t\t\t<\/li>\n\n\t\t\n\t\t\t<li\n\t\t\t\tclass=\"bdt-slideshow-item bdt-flex bdt-flex-middle bdt-flex-center elementor-repeater-item-ecf576a\">\n\t\t\t\t\t\t\t\t\t<div\n\t\t\t\t\t\tclass=\"bdt-position-cover bdt-animation-kenburns bdt-animation-reverse bdt-transform-origin-center-left\">\n\t\t\t\t\t\n\t\t\t\t\t\t\t\t\t\t\t\n\t\t<div class=\"bdt-ps-slide-img lazyload\" style=\"background-image:inherit\" data-bg-image=\"url(&#039;https:\/\/www.amcdom.com\/wp-content\/uploads\/2023\/08\/sailing-through-harbor-cargo-port-huge-sea-ship-with-containers-deck.jpg&#039;)\"><\/div>\n\n\t\t\t\t\t\t\t\n\t\t\t\t\t\t\t\t\t\t<\/div>\n\t\t\t\t\n\t\t\t\t\n\t\t\t\t\t\t<div class=\"bdt-prime-slider-wrapper\">\n\t\t\t<div class=\"bdt-prime-slider-content bdt-prime-slider-content bdt-prime-slider-content\">\n\t\t\t\t<div class=\"bdt-prime-slider-desc\">\n\n\t\t\t\t\t\n\t\t\t\t\t\n\t\t\t\t\t\n\t\t\t\t\t<div data-bdt-slideshow-parallax=\"x: 150,0,-30; opacity: 1,1,0\">\n\t\t\t\t\t\t<div class=\"bdt-btn-wrapper\">\n\t\t\t\t\t\t\t\t\t\t\t\t\t<\/div>\n\t\t\t\t\t<\/div>\n\t\t\t\t<\/div>\n\n\t\t\t\t\n\t\t\t<\/div>\n\t\t<\/div>\n\t\t\t\t\t<\/li>\n\n\t\t\n\t\t\t\t\t<\/ul>\n\t\t\t\t\t\n\t\t\n\t\t\t\t\t\t\t\n\t\t\n\t\t\t\t\t\t<\/div>\n\t\t\t\t\t\t\t\t\t\t\t<\/div>\n\t\t<\/div>\n\t\t\t\t\t\t<\/div>\n\t\t\t\t<\/div>\n\t\t\t\t\t<\/div>\n\t\t<\/div>\n\t\t\t\t\t<\/div>\n\t\t<\/section>\n\t\t\t\t<section class=\"elementor-section elementor-top-section elementor-element elementor-element-601bdb86 elementor-section-boxed elementor-section-height-default elementor-section-height-default\" data-id=\"601bdb86\" data-element_type=\"section\">\n\t\t\t\t\t\t<div class=\"elementor-container elementor-column-gap-default\">\n\t\t\t\t\t<div class=\"elementor-column elementor-col-50 elementor-top-column elementor-element elementor-element-43232bac\" data-id=\"43232bac\" data-element_type=\"column\">\n\t\t\t<div class=\"elementor-widget-wrap elementor-element-populated\">\n\t\t\t\t\t\t<div class=\"elementor-element elementor-element-ec60af4 elementor-widget elementor-widget-heading\" data-id=\"ec60af4\" data-element_type=\"widget\" data-widget_type=\"heading.default\">\n\t\t\t\t<div class=\"elementor-widget-container\">\n\t\t\t\t\t<h1 class=\"elementor-heading-title elementor-size-default\">NUESTRA RED<\/h1>\t\t\t\t<\/div>\n\t\t\t\t<\/div>\n\t\t\t\t<div class=\"elementor-element elementor-element-f40d830 elementor-widget elementor-widget-text-editor\" data-id=\"f40d830\" data-element_type=\"widget\" data-widget_type=\"text-editor.default\">\n\t\t\t\t<div class=\"elementor-widget-container\">\n\t\t\t\t\t\t\t\t\t<ul><li>Belice<\/li><li>Costa Rica<\/li><li>Cuba<\/li><li>Rep\u00fablica Dominicana<\/li><li>Guatemala<\/li><li>Hait\u00ed<\/li><li>Honduras<\/li><li>Jamaica<\/li><li>Nicaragua<\/li><li>Panam\u00e1<\/li><li>Puerto Rico<\/li><li>El Salvador<\/li><li>Trinidad y Tobago<\/li><\/ul>\t\t\t\t\t\t\t\t<\/div>\n\t\t\t\t<\/div>\n\t\t\t\t\t<\/div>\n\t\t<\/div>\n\t\t\t\t<div class=\"elementor-column elementor-col-50 elementor-top-column elementor-element elementor-element-52ce4e2b\" data-id=\"52ce4e2b\" data-element_type=\"column\">\n\t\t\t<div class=\"elementor-widget-wrap elementor-element-populated\">\n\t\t\t\t\t\t<div class=\"elementor-element elementor-element-2cdc7c3 elementor-widget elementor-widget-spacer\" data-id=\"2cdc7c3\" data-element_type=\"widget\" data-widget_type=\"spacer.default\">\n\t\t\t\t<div class=\"elementor-widget-container\">\n\t\t\t\t\t\t\t<div class=\"elementor-spacer\">\n\t\t\t<div class=\"elementor-spacer-inner\"><\/div>\n\t\t<\/div>\n\t\t\t\t\t\t<\/div>\n\t\t\t\t<\/div>\n\t\t\t\t<div class=\"elementor-element elementor-element-5e72cce animated-slow elementor-invisible elementor-widget elementor-widget-qi_addons_for_elementor_parallax_images\" data-id=\"5e72cce\" data-element_type=\"widget\" data-settings=\"{&quot;_animation&quot;:&quot;fadeInUp&quot;}\" data-widget_type=\"qi_addons_for_elementor_parallax_images.default\">\n\t\t\t\t<div class=\"elementor-widget-container\">\n\t\t\t\t\t<div class=\"qodef-shortcode qodef-m qodef-qi-parallax-images qodef-layout--default\">\n\t<div class=\"qodef-m-images\">\n\t\t<div class=\"qodef-e-main-image-holder\">\n\t\t\t<div class=\"qodef-e-main-image-zoom-holder\">\n\t\t\t\t\t\t\t\t\t<div class=\"qodef-e-main-image\" data-parallax-main=\"100\">\n\t\t\t\t\t\t<img fetchpriority=\"high\" decoding=\"async\" width=\"4102\" height=\"2174\" src=\"https:\/\/www.amcdom.com\/wp-content\/uploads\/2023\/09\/MapChart_Map-e1694185333236.png\" class=\"attachment-full size-full\" alt=\"\" srcset=\"https:\/\/www.amcdom.com\/wp-content\/uploads\/2023\/09\/MapChart_Map-e1694185333236.png 4102w, https:\/\/www.amcdom.com\/wp-content\/uploads\/2023\/09\/MapChart_Map-e1694185333236-300x159.png 300w, https:\/\/www.amcdom.com\/wp-content\/uploads\/2023\/09\/MapChart_Map-e1694185333236-1024x543.png 1024w, https:\/\/www.amcdom.com\/wp-content\/uploads\/2023\/09\/MapChart_Map-e1694185333236-768x407.png 768w, https:\/\/www.amcdom.com\/wp-content\/uploads\/2023\/09\/MapChart_Map-e1694185333236-1038x550.png 1038w, https:\/\/www.amcdom.com\/wp-content\/uploads\/2023\/09\/MapChart_Map-e1694185333236-1060x562.png 1060w, https:\/\/www.amcdom.com\/wp-content\/uploads\/2023\/09\/MapChart_Map-e1694185333236-1536x814.png 1536w, https:\/\/www.amcdom.com\/wp-content\/uploads\/2023\/09\/MapChart_Map-e1694185333236-2048x1085.png 2048w, https:\/\/www.amcdom.com\/wp-content\/uploads\/2023\/09\/MapChart_Map-e1694185333236-550x291.png 550w, https:\/\/www.amcdom.com\/wp-content\/uploads\/2023\/09\/MapChart_Map-e1694185333236-943x500.png 943w, https:\/\/www.amcdom.com\/wp-content\/uploads\/2023\/09\/MapChart_Map-e1694185333236-1920x1018.png 1920w, https:\/\/www.amcdom.com\/wp-content\/uploads\/2023\/09\/MapChart_Map-e1694185333236-2038x1080.png 2038w\" sizes=\"(max-width: 4102px) 100vw, 4102px\" \/>\t\t\t\t\t<\/div>\n\t\t\t\t\t\t\t<\/div>\n\t\t<\/div>\n\t\t\t\t\t\t\t\t\t\t\t\t\t<div class=\"qodef-e-parallax-image qodef-position--bottom-left elementor-repeater-item-93b473e\" >\n\t\t\t\t\t\t\t\t\t<\/div>\n\t\t\t\t\t\t<\/div>\n<\/div>\n\t\t\t\t<\/div>\n\t\t\t\t<\/div>\n\t\t\t\t\t<\/div>\n\t\t<\/div>\n\t\t\t\t\t<\/div>\n\t\t<\/section>\n\t\t\t\t<section class=\"elementor-section elementor-top-section elementor-element elementor-element-727857d7 elementor-section-height-min-height elementor-section-stretched elementor-section-boxed elementor-section-height-default elementor-section-items-middle\" data-id=\"727857d7\" data-element_type=\"section\" data-settings=\"{&quot;stretch_section&quot;:&quot;section-stretched&quot;,&quot;background_background&quot;:&quot;classic&quot;}\">\n\t\t\t\t\t\t\t<div class=\"elementor-background-overlay\"><\/div>\n\t\t\t\t\t\t\t<div class=\"elementor-container elementor-column-gap-default\">\n\t\t\t\t\t<div class=\"elementor-column elementor-col-100 elementor-top-column elementor-element elementor-element-190ef1cf\" data-id=\"190ef1cf\" data-element_type=\"column\">\n\t\t\t<div class=\"elementor-widget-wrap elementor-element-populated\">\n\t\t\t\t\t\t<div class=\"elementor-element elementor-element-6617eb19 animated-slow elementor-invisible elementor-widget elementor-widget-qi_addons_for_elementor_typeout_text\" data-id=\"6617eb19\" data-element_type=\"widget\" data-settings=\"{&quot;_animation&quot;:&quot;fadeInUp&quot;}\" data-widget_type=\"qi_addons_for_elementor_typeout_text.default\">\n\t\t\t\t<div class=\"elementor-widget-container\">\n\t\t\t\t\t<div class=\"qodef-shortcode qodef-m qodef-qi-typeout-text\" data-strings=\"[&quot;&quot;]\">\n\t<h1 class=\"qodef-m-text\">\n\t\t\t\t\t\u00bfTienes un proyecto en mente?\t\t\t\t<span class=\"qodef-typeout-holder\">\n\t\t\t<span class=\"qodef-typeout\"><\/span>\n\t\t<\/span>\n\t<\/h1>\n<\/div>\n\t\t\t\t<\/div>\n\t\t\t\t<\/div>\n\t\t\t\t<div class=\"elementor-element elementor-element-6e00a080 animated-slow elementor-invisible elementor-widget elementor-widget-qi_addons_for_elementor_typeout_text\" data-id=\"6e00a080\" data-element_type=\"widget\" data-settings=\"{&quot;_animation&quot;:&quot;fadeInUp&quot;}\" data-widget_type=\"qi_addons_for_elementor_typeout_text.default\">\n\t\t\t\t<div class=\"elementor-widget-container\">\n\t\t\t\t\t<div class=\"qodef-shortcode qodef-m qodef-qi-typeout-text\" data-strings=\"[&quot;Hello&quot;,&quot;Hola&quot;,&quot;Bonjour&quot;,&quot;Zdravstvuyte&quot;,&quot;N\\u01d0n h\\u01ceo&quot;]\">\n\t<h2 class=\"qodef-m-text\">\n\t\t\t\t\tNo dudes en decir\t\t\t\t<span class=\"qodef-typeout-holder\">\n\t\t\t<span class=\"qodef-typeout\"><\/span>\n\t\t<\/span>\n\t<\/h2>\n<\/div>\n\t\t\t\t<\/div>\n\t\t\t\t<\/div>\n\t\t\t\t<div class=\"elementor-element elementor-element-6190f4a6 elementor-widget__width-auto animated-slow elementor-invisible elementor-widget elementor-widget-qi_addons_for_elementor_button\" data-id=\"6190f4a6\" data-element_type=\"widget\" data-settings=\"{&quot;_animation&quot;:&quot;fadeInUp&quot;,&quot;_animation_delay&quot;:&quot;200&quot;}\" data-widget_type=\"qi_addons_for_elementor_button.default\">\n\t\t\t\t<div class=\"elementor-widget-container\">\n\t\t\t\t\t<a class=\"qodef-shortcode qodef-m qodef-qi-button qodef-html--link qodef-layout--outlined qodef-type--icon-boxed qodef-icon--right qodef-hover--icon-move-horizontal-short qodef-text-underline qodef-underline--left\" href=\"http:\/\/www.amcdom.com\/contact\/\" target=\"_self\">\n\t<span class=\"qodef-m-text\">Hablemos<\/span>\n\t\t<span class=\"qodef-m-icon\">\n\t\t<span class=\"qodef-m-icon-inner\">\n\t\t\t<svg xmlns=\"http:\/\/www.w3.org\/2000\/svg\" x=\"0px\" y=\"0px\" width=\"7px\" height=\"7px\" viewbox=\"1.25 1.25 7 7\" xml:space=\"preserve\"><polygon fill=\"#ffffff\" points=\"1.25,1.25 1.25,2.25 6.543,2.25 1.25,7.543 1.958,8.25 7.25,2.957 7.25,8.25 8.25,8.25 8.25,1.25 8.25,1.25 \"><\/polygon><\/svg>\t\t\t\t\t<\/span>\n\t<\/span>\n<\/a>\n\t\t\t\t<\/div>\n\t\t\t\t<\/div>\n\t\t\t\t\t<\/div>\n\t\t<\/div>\n\t\t\t\t\t<\/div>\n\t\t<\/section>\n\t\t\t\t<section class=\"elementor-section elementor-top-section elementor-element elementor-element-ff052b9 elementor-section-stretched elementor-section-height-min-height elementor-section-items-top elementor-section-boxed elementor-section-height-default\" data-id=\"ff052b9\" data-element_type=\"section\" data-settings=\"{&quot;background_background&quot;:&quot;classic&quot;,&quot;stretch_section&quot;:&quot;section-stretched&quot;}\">\n\t\t\t\t\t\t\t<div class=\"elementor-background-overlay\"><\/div>\n\t\t\t\t\t\t\t<div class=\"elementor-container elementor-column-gap-default\">\n\t\t\t\t\t<div class=\"elementor-column elementor-col-100 elementor-top-column elementor-element elementor-element-1112019\" data-id=\"1112019\" data-element_type=\"column\" data-settings=\"{&quot;background_background&quot;:&quot;classic&quot;}\">\n\t\t\t<div class=\"elementor-widget-wrap elementor-element-populated\">\n\t\t\t\t\t\t<div class=\"elementor-element elementor-element-ddf48e6 elementor-widget elementor-widget-heading\" data-id=\"ddf48e6\" data-element_type=\"widget\" data-widget_type=\"heading.default\">\n\t\t\t\t<div class=\"elementor-widget-container\">\n\t\t\t\t\t<h5 class=\"elementor-heading-title elementor-size-default\">AMC OFICINA \u2013 LATAM<\/h5>\t\t\t\t<\/div>\n\t\t\t\t<\/div>\n\t\t\t\t<div class=\"elementor-element elementor-element-9bd40ea elementor-align-left elementor-mobile-align-left elementor-icon-list--layout-traditional elementor-list-item-link-full_width elementor-widget elementor-widget-icon-list\" data-id=\"9bd40ea\" data-element_type=\"widget\" data-widget_type=\"icon-list.default\">\n\t\t\t\t<div class=\"elementor-widget-container\">\n\t\t\t\t\t\t\t<ul class=\"elementor-icon-list-items\">\n\t\t\t\t\t\t\t<li class=\"elementor-icon-list-item\">\n\t\t\t\t\t\t\t\t\t\t\t<a href=\"tel:+1(809)569-2871\">\n\n\t\t\t\t\t\t\t\t\t\t\t<span class=\"elementor-icon-list-text\">+1 (809) 569-2871<\/span>\n\t\t\t\t\t\t\t\t\t\t\t<\/a>\n\t\t\t\t\t\t\t\t\t<\/li>\n\t\t\t\t\t\t<\/ul>\n\t\t\t\t\t\t<\/div>\n\t\t\t\t<\/div>\n\t\t\t\t<div class=\"elementor-element elementor-element-8b96a99 elementor-align-left elementor-mobile-align-left elementor-icon-list--layout-traditional elementor-list-item-link-full_width elementor-widget elementor-widget-icon-list\" data-id=\"8b96a99\" data-element_type=\"widget\" data-widget_type=\"icon-list.default\">\n\t\t\t\t<div class=\"elementor-widget-container\">\n\t\t\t\t\t\t\t<ul class=\"elementor-icon-list-items\">\n\t\t\t\t\t\t\t<li class=\"elementor-icon-list-item\">\n\t\t\t\t\t\t\t\t\t\t\t<a href=\"mailto:notificaciones@amcdom.com\">\n\n\t\t\t\t\t\t\t\t\t\t\t<span class=\"elementor-icon-list-text\">notificaciones@amcdom.com<\/span>\n\t\t\t\t\t\t\t\t\t\t\t<\/a>\n\t\t\t\t\t\t\t\t\t<\/li>\n\t\t\t\t\t\t<\/ul>\n\t\t\t\t\t\t<\/div>\n\t\t\t\t<\/div>\n\t\t\t\t<div class=\"elementor-element elementor-element-7d2a9ad elementor-align-left elementor-mobile-align-left elementor-icon-list--layout-traditional elementor-list-item-link-full_width elementor-widget elementor-widget-icon-list\" data-id=\"7d2a9ad\" data-element_type=\"widget\" data-widget_type=\"icon-list.default\">\n\t\t\t\t<div class=\"elementor-widget-container\">\n\t\t\t\t\t\t\t<ul class=\"elementor-icon-list-items\">\n\t\t\t\t\t\t\t<li class=\"elementor-icon-list-item\">\n\t\t\t\t\t\t\t\t\t\t\t<a href=\"#\">\n\n\t\t\t\t\t\t\t\t\t\t\t<span class=\"elementor-icon-list-text\">Horario de Lunes a Viernes de 8:00 a.m. a 4:00 p.m. y S\u00e1bados de 8:00 a 12:00 horas.<\/span>\n\t\t\t\t\t\t\t\t\t\t\t<\/a>\n\t\t\t\t\t\t\t\t\t<\/li>\n\t\t\t\t\t\t<\/ul>\n\t\t\t\t\t\t<\/div>\n\t\t\t\t<\/div>\n\t\t\t\t<div class=\"elementor-element elementor-element-8523a4e elementor-align-left elementor-mobile-align-center elementor-icon-list--layout-traditional elementor-list-item-link-full_width elementor-widget elementor-widget-icon-list\" data-id=\"8523a4e\" data-element_type=\"widget\" data-widget_type=\"icon-list.default\">\n\t\t\t\t<div class=\"elementor-widget-container\">\n\t\t\t\t\t\t\t<ul class=\"elementor-icon-list-items\">\n\t\t\t\t\t\t\t<li class=\"elementor-icon-list-item\">\n\t\t\t\t\t\t\t\t\t\t\t<a href=\"#\">\n\n\t\t\t\t\t\t\t\t\t\t\t<span class=\"elementor-icon-list-text\"> OFICINA AMC \u2013 LATAM - \u00c1rea Terminales de Carga, Aeropuerto las Am\u00e9ricas Terminal de importaci\u00f3n #17, Santo Domingo, Rep\u00fablica Dominicana.<\/span>\n\t\t\t\t\t\t\t\t\t\t\t<\/a>\n\t\t\t\t\t\t\t\t\t<\/li>\n\t\t\t\t\t\t<\/ul>\n\t\t\t\t\t\t<\/div>\n\t\t\t\t<\/div>\n\t\t\t\t\t<\/div>\n\t\t<\/div>\n\t\t\t\t\t<\/div>\n\t\t<\/section>\n\t\t\t\t<\/div>","protected":false},"excerpt":{"rendered":"<p>OUR NETWORK Belize Costa Rica Cuba Dominican Republic Guatemala Haiti Honduras Jamaica Nicaragua Panama Puerto Rico El Salvador Trinidadd and Tobago Have a project in mind? Do not hesitate to say Let&#039;s Talk AMC OFFICE \u2013 LATAM +1 (809) 569-2871 notificaciones@amcdom.com Hours Monday through Friday from 8:00 a.m. to 4:00 p.m. and Saturdays from 8:00 a.m. to 12:00 p.m. LATAM &#8211; Cargo Terminals Area, Las&#8230; <\/p>\n<p class=\"more\"><a class=\"more-link\" href=\"https:\/\/www.amcdom.com\/es\/network\/\">Read More<\/a><\/p>","protected":false},"author":2,"featured_media":0,"parent":0,"menu_order":0,"comment_status":"closed","ping_status":"closed","template":"elementor_header_footer","meta":{"inline_featured_image":false,"footnotes":""},"class_list":["post-12544","page","type-page","status-publish","hentry","is-cat-link-borders-light is-cat-link-rounded"],"yoast_head":"<!-- This site is optimized with the Yoast SEO plugin v27.6 - https:\/\/yoast.com\/product\/yoast-seo-wordpress\/ -->\n<title>NETWORK - amcdom<\/title>\n<meta name=\"robots\" content=\"index, follow, max-snippet:-1, max-image-preview:large, max-video-preview:-1\" \/>\n<link rel=\"canonical\" href=\"https:\/\/www.amcdom.com\/es\/network\/\" \/>\n<meta property=\"og:locale\" content=\"es_ES\" \/>\n<meta property=\"og:type\" content=\"article\" \/>\n<meta property=\"og:title\" content=\"NETWORK - amcdom\" \/>\n<meta property=\"og:description\" content=\"OUR NETWORK Belize Costa Rica Cuba Dominican Republic Guatemala Haiti Honduras Jamaica Nicaragua Panama Puerto Rico El Salvador Trinidadd and Tobago Have a project in mind? Do not hesitate to say Let&#039;s Talk AMC OFFICE \u2013 LATAM +1 (809) 569-2871 notificaciones@amcdom.com Hours Monday through Friday from 8:00 a.m. to 4:00 p.m. and Saturdays from 8:00 a.m. to 12:00 p.m. LATAM &#8211; Cargo Terminals Area, Las... Read More\" \/>\n<meta property=\"og:url\" content=\"https:\/\/www.amcdom.com\/es\/network\/\" \/>\n<meta property=\"og:site_name\" content=\"amcdom\" \/>\n<meta property=\"article:modified_time\" content=\"2024-04-29T17:47:30+00:00\" \/>\n<meta property=\"og:image\" content=\"http:\/\/www.amcdom.com\/wp-content\/uploads\/2023\/09\/MapChart_Map-e1694185333236.png\" \/>\n<meta name=\"twitter:card\" content=\"summary_large_image\" \/>\n<meta name=\"twitter:label1\" content=\"Tiempo de lectura\" \/>\n\t<meta name=\"twitter:data1\" content=\"1 minuto\" \/>\n<script type=\"application\/ld+json\" class=\"yoast-schema-graph\">{\"@context\":\"https:\\\/\\\/schema.org\",\"@graph\":[{\"@type\":\"WebPage\",\"@id\":\"https:\\\/\\\/www.amcdom.com\\\/es\\\/network\\\/\",\"url\":\"https:\\\/\\\/www.amcdom.com\\\/es\\\/network\\\/\",\"name\":\"NETWORK - amcdom\",\"isPartOf\":{\"@id\":\"http:\\\/\\\/www.amcdom.com\\\/#website\"},\"primaryImageOfPage\":{\"@id\":\"https:\\\/\\\/www.amcdom.com\\\/es\\\/network\\\/#primaryimage\"},\"image\":{\"@id\":\"https:\\\/\\\/www.amcdom.com\\\/es\\\/network\\\/#primaryimage\"},\"thumbnailUrl\":\"http:\\\/\\\/www.amcdom.com\\\/wp-content\\\/uploads\\\/2023\\\/09\\\/MapChart_Map-e1694185333236.png\",\"datePublished\":\"2023-09-06T17:57:48+00:00\",\"dateModified\":\"2024-04-29T17:47:30+00:00\",\"breadcrumb\":{\"@id\":\"https:\\\/\\\/www.amcdom.com\\\/es\\\/network\\\/#breadcrumb\"},\"inLanguage\":\"es\",\"potentialAction\":[{\"@type\":\"ReadAction\",\"target\":[\"https:\\\/\\\/www.amcdom.com\\\/es\\\/network\\\/\"]}]},{\"@type\":\"ImageObject\",\"inLanguage\":\"es\",\"@id\":\"https:\\\/\\\/www.amcdom.com\\\/es\\\/network\\\/#primaryimage\",\"url\":\"http:\\\/\\\/www.amcdom.com\\\/wp-content\\\/uploads\\\/2023\\\/09\\\/MapChart_Map-e1694185333236.png\",\"contentUrl\":\"http:\\\/\\\/www.amcdom.com\\\/wp-content\\\/uploads\\\/2023\\\/09\\\/MapChart_Map-e1694185333236.png\"},{\"@type\":\"BreadcrumbList\",\"@id\":\"https:\\\/\\\/www.amcdom.com\\\/es\\\/network\\\/#breadcrumb\",\"itemListElement\":[{\"@type\":\"ListItem\",\"position\":1,\"name\":\"Home\",\"item\":\"http:\\\/\\\/www.amcdom.com\\\/\"},{\"@type\":\"ListItem\",\"position\":2,\"name\":\"NETWORK\"}]},{\"@type\":\"WebSite\",\"@id\":\"http:\\\/\\\/www.amcdom.com\\\/#website\",\"url\":\"http:\\\/\\\/www.amcdom.com\\\/\",\"name\":\"amcdom\",\"description\":\"Cargo Transporte\",\"potentialAction\":[{\"@type\":\"SearchAction\",\"target\":{\"@type\":\"EntryPoint\",\"urlTemplate\":\"http:\\\/\\\/www.amcdom.com\\\/?s={search_term_string}\"},\"query-input\":{\"@type\":\"PropertyValueSpecification\",\"valueRequired\":true,\"valueName\":\"search_term_string\"}}],\"inLanguage\":\"es\"}]}<\/script>\n<!-- \/ Yoast SEO plugin. -->","yoast_head_json":{"title":"NETWORK - amcdom","robots":{"index":"index","follow":"follow","max-snippet":"max-snippet:-1","max-image-preview":"max-image-preview:large","max-video-preview":"max-video-preview:-1"},"canonical":"https:\/\/www.amcdom.com\/es\/network\/","og_locale":"es_ES","og_type":"article","og_title":"NETWORK - amcdom","og_description":"OUR NETWORK Belize Costa Rica Cuba Dominican Republic Guatemala Haiti Honduras Jamaica Nicaragua Panama Puerto Rico El Salvador Trinidadd and Tobago Have a project in mind? Do not hesitate to say Let&#039;s Talk AMC OFFICE \u2013 LATAM +1 (809) 569-2871 notificaciones@amcdom.com Hours Monday through Friday from 8:00 a.m. to 4:00 p.m. and Saturdays from 8:00 a.m. to 12:00 p.m. LATAM &#8211; Cargo Terminals Area, Las... Read More","og_url":"https:\/\/www.amcdom.com\/es\/network\/","og_site_name":"amcdom","article_modified_time":"2024-04-29T17:47:30+00:00","og_image":[{"url":"http:\/\/www.amcdom.com\/wp-content\/uploads\/2023\/09\/MapChart_Map-e1694185333236.png","type":"","width":"","height":""}],"twitter_card":"summary_large_image","twitter_misc":{"Tiempo de lectura":"1 minuto"},"schema":{"@context":"https:\/\/schema.org","@graph":[{"@type":"WebPage","@id":"https:\/\/www.amcdom.com\/es\/network\/","url":"https:\/\/www.amcdom.com\/es\/network\/","name":"NETWORK - amcdom","isPartOf":{"@id":"http:\/\/www.amcdom.com\/#website"},"primaryImageOfPage":{"@id":"https:\/\/www.amcdom.com\/es\/network\/#primaryimage"},"image":{"@id":"https:\/\/www.amcdom.com\/es\/network\/#primaryimage"},"thumbnailUrl":"http:\/\/www.amcdom.com\/wp-content\/uploads\/2023\/09\/MapChart_Map-e1694185333236.png","datePublished":"2023-09-06T17:57:48+00:00","dateModified":"2024-04-29T17:47:30+00:00","breadcrumb":{"@id":"https:\/\/www.amcdom.com\/es\/network\/#breadcrumb"},"inLanguage":"es","potentialAction":[{"@type":"ReadAction","target":["https:\/\/www.amcdom.com\/es\/network\/"]}]},{"@type":"ImageObject","inLanguage":"es","@id":"https:\/\/www.amcdom.com\/es\/network\/#primaryimage","url":"http:\/\/www.amcdom.com\/wp-content\/uploads\/2023\/09\/MapChart_Map-e1694185333236.png","contentUrl":"http:\/\/www.amcdom.com\/wp-content\/uploads\/2023\/09\/MapChart_Map-e1694185333236.png"},{"@type":"BreadcrumbList","@id":"https:\/\/www.amcdom.com\/es\/network\/#breadcrumb","itemListElement":[{"@type":"ListItem","position":1,"name":"Home","item":"http:\/\/www.amcdom.com\/"},{"@type":"ListItem","position":2,"name":"NETWORK"}]},{"@type":"WebSite","@id":"http:\/\/www.amcdom.com\/#website","url":"http:\/\/www.amcdom.com\/","name":"amcdom","description":"Cargo Transporte","potentialAction":[{"@type":"SearchAction","target":{"@type":"EntryPoint","urlTemplate":"http:\/\/www.amcdom.com\/?s={search_term_string}"},"query-input":{"@type":"PropertyValueSpecification","valueRequired":true,"valueName":"search_term_string"}}],"inLanguage":"es"}]}},"_links":{"self":[{"href":"https:\/\/www.amcdom.com\/es\/wp-json\/wp\/v2\/pages\/12544","targetHints":{"allow":["GET"]}}],"collection":[{"href":"https:\/\/www.amcdom.com\/es\/wp-json\/wp\/v2\/pages"}],"about":[{"href":"https:\/\/www.amcdom.com\/es\/wp-json\/wp\/v2\/types\/page"}],"author":[{"embeddable":true,"href":"https:\/\/www.amcdom.com\/es\/wp-json\/wp\/v2\/users\/2"}],"replies":[{"embeddable":true,"href":"https:\/\/www.amcdom.com\/es\/wp-json\/wp\/v2\/comments?post=12544"}],"version-history":[{"count":5,"href":"https:\/\/www.amcdom.com\/es\/wp-json\/wp\/v2\/pages\/12544\/revisions"}],"predecessor-version":[{"id":12962,"href":"https:\/\/www.amcdom.com\/es\/wp-json\/wp\/v2\/pages\/12544\/revisions\/12962"}],"wp:attachment":[{"href":"https:\/\/www.amcdom.com\/es\/wp-json\/wp\/v2\/media?parent=12544"}],"curies":[{"name":"wp","href":"https:\/\/api.w.org\/{rel}","templated":true}]}}